{"id":459,"date":"2025-08-12T20:33:04","date_gmt":"2025-08-12T18:33:04","guid":{"rendered":"https:\/\/annafludra.com\/lp\/?page_id=459"},"modified":"2025-08-12T20:33:05","modified_gmt":"2025-08-12T18:33:05","slug":"regulamin-signature-style-formula","status":"publish","type":"page","link":"https:\/\/annafludra.com\/lp\/regulamin-signature-style-formula\/","title":{"rendered":"Regulamin &#8211; Signature Style Formula"},"content":{"rendered":"\n<h1 class=\"wp-block-heading\"><strong>REGULAMIN \u015aWIADCZENIA US\u0141UG \u2013 Signature Style Formula<\/strong><\/h1>\n\n\n\n<p>Ostatnia aktualizacja: 31.07.2025<\/p>\n\n\n\n<h2 class=\"wp-block-heading\"><strong>\u00a71 Postanowienia og\u00f3lne<\/strong><\/h2>\n\n\n\n<p>Niniejszy Regulamin okre\u015bla zasady zawierania i realizacji um\u00f3w sprzeda\u017cy programu \u201eSignature Style Formula \u2013 Metamorfoza Wizerunku\u201d, dost\u0119pnego na stronie internetowej https:\/\/annafludra.com\/lp\/metamorfozawizerunku\/.<\/p>\n\n\n\n<p>Us\u0142ugodawc\u0105 jest Anna Fludra, prowadz\u0105ca dzia\u0142alno\u015b\u0107 gospodarcz\u0105 pod firm\u0105 Anna Fludra, NIP: 8411640567, REGON: 527235761 e-mail: hello@annafludra.com.<\/p>\n\n\n\n<p>Program stanowi us\u0142ug\u0119 indywidualn\u0105, \u015bwiadczon\u0105 na rzecz zamawiaj\u0105cego (dalej: Us\u0142ugobiorcy), obejmuj\u0105c\u0105 dzia\u0142ania zwi\u0105zane z analiz\u0105 wizerunku, przegl\u0105dem szafy, zakupami, budowaniem stylizacji i doradztwem.<\/p>\n\n\n\n<h2 class=\"wp-block-heading\"><strong>\u00a72 Zakup i zawarcie umowy<\/strong><\/h2>\n\n\n\n<p>Zakupu us\u0142ugi mo\u017cna dokona\u0107 za po\u015brednictwem formularza dost\u0119pnego na stronie internetowej.<\/p>\n\n\n\n<p>Zawarcie umowy nast\u0119puje z chwil\u0105 przes\u0142ania przez Us\u0142ugodawc\u0119 potwierdzenia rezerwacji us\u0142ugi drog\u0105 mailow\u0105 oraz zaksi\u0119gowania wp\u0142aty.<\/p>\n\n\n\n<p>Us\u0142ugobiorca, sk\u0142adaj\u0105c zam\u00f3wienie, akceptuje niniejszy Regulamin i wyra\u017ca zgod\u0119 na rozpocz\u0119cie \u015bwiadczenia us\u0142ug w um\u00f3wionym terminie, ale nie p\u00f3\u017aniej ni\u017c 3 miesi\u0105ce&nbsp; od zawarcia umowy (je\u015bli taka realizacja nast\u0105pi).<\/p>\n\n\n\n<h2 class=\"wp-block-heading\"><strong>\u00a73 Czas trwania i zakres us\u0142ugi<\/strong><\/h2>\n\n\n\n<p>Program trwa 3 miesi\u0105ce od dnia rozpocz\u0119cia wsp\u00f3\u0142pracy, w terminie ustalonym indywidualnie z Us\u0142ugobiorc\u0105.<\/p>\n\n\n\n<p>Zakres programu obejmuje m.in.: analiz\u0119 sylwetki i kolorystyczn\u0105, przegl\u0105d garderoby, list\u0119 zakupow\u0105, wsp\u00f3lne zakupy,&nbsp; budowanie stylizacji, konsultacje stylizacyjne (zdalne lub stacjonarne \u2013 wed\u0142ug ustale\u0144).<\/p>\n\n\n\n<p>Realizacja us\u0142ugi zale\u017cy od aktywnego zaanga\u017cowania Us\u0142ugobiorcy, w tym m.in. od dostarczenia niezb\u0119dnych informacji oraz uczestnictwa w spotkaniach i realizowania zakup\u00f3w oraz wskaz\u00f3wek stylizacyjnych.<\/p>\n\n\n\n<h2 class=\"wp-block-heading\"><strong>\u00a74 Sposoby p\u0142atno\u015bci<\/strong><\/h2>\n\n\n\n<p>Us\u0142uga jest p\u0142atna z g\u00f3ry \u2013 pe\u0142na kwota to 3690 z\u0142 brutto.<\/p>\n\n\n\n<p>P\u0142atno\u015b\u0107 mo\u017ce by\u0107 dokonana za po\u015brednictwem internetowych serwis\u00f3w p\u0142atno\u015bci, kart kredytowych lub szybkich przelew\u00f3w (Autopay, Blik, przelew zwyk\u0142y.)<\/p>\n\n\n\n<p>Us\u0142ugobiorca zobowi\u0105zany jest do dokonania p\u0142atno\u015bci najp\u00f3\u017aniej w ci\u0105gu 48 godzin od momentu z\u0142o\u017cenia zam\u00f3wienia.<\/p>\n\n\n\n<p>Us\u0142uga \u015bwiadczona jest dopiero po zaksi\u0119gowaniu wp\u0142aty.<\/p>\n\n\n\n<h2 class=\"wp-block-heading\"><strong>\u00a75 Miejsce i forma \u015bwiadczenia us\u0142ug<\/strong><\/h2>\n\n\n\n<p>Us\u0142uga mo\u017ce by\u0107 realizowana: stacjonarnie \u2013 w miejscu wskazanym przez Us\u0142ugodawc\u0119, zdalnie \u2013 za po\u015brednictwem komunikator\u00f3w online (Zoom, Google Meet, itd.).<\/p>\n\n\n\n<p>Spos\u00f3b i miejsce \u015bwiadczenia us\u0142ug ustalane s\u0105 indywidualnie z Us\u0142ugobiorc\u0105 i mog\u0105 ulec zmianie.<\/p>\n\n\n\n<p>Us\u0142ugodawca zastrzega mo\u017cliwo\u015b\u0107 zmiany harmonogramu w uzasadnionych przypadkach, informuj\u0105c o tym Us\u0142ugobiorc\u0119 drog\u0105 e-mailow\u0105.<\/p>\n\n\n\n<h2 class=\"wp-block-heading\"><strong>\u00a76 Odst\u0105pienie od umowy i rezygnacja z us\u0142ugi<\/strong><\/h2>\n\n\n\n<p>Us\u0142ugobiorca b\u0119d\u0105cy konsumentem ma prawo do odst\u0105pienia od umowy w ci\u0105gu 14 dni od dnia otrzymania potwierdzenia rezerwacji us\u0142ugi \u2013 bez podawania przyczyny.<\/p>\n\n\n\n<p>Odst\u0105pienia nale\u017cy dokona\u0107 drog\u0105 mailow\u0105 (hello@annafludra.com) lub listownie.<\/p>\n\n\n\n<p>Je\u015bli jednak us\u0142uga zosta\u0142a w pe\u0142ni wykonana przed up\u0142ywem 14 dni \u2013 za wyra\u017an\u0105 zgod\u0105 Us\u0142ugobiorcy \u2013 prawo do odst\u0105pienia nie przys\u0142uguje (zgodnie z art. 38 pkt 1 ustawy o prawach konsumenta).<\/p>\n\n\n\n<p>W przypadku, gdy realizacja us\u0142ugi rozpocz\u0119\u0142a si\u0119 przed up\u0142ywem terminu do odst\u0105pienia od umowy, ale nie zosta\u0142a w pe\u0142ni wykonana, Us\u0142ugobiorca, kt\u00f3ry z\u0142o\u017cy\u0142 o\u015bwiadczenie o odst\u0105pieniu, jest zobowi\u0105zany do zap\u0142aty za \u015bwiadczenia spe\u0142nione do chwili odst\u0105pienia od umowy. Odpowiednia cz\u0119\u015b\u0107 wynagrodzenia zostanie naliczona proporcjonalnie do zakresu wykonanej us\u0142ugi, a pozosta\u0142a kwota zostanie zwr\u00f3cona Us\u0142ugobiorcy<\/p>\n\n\n\n<p>Us\u0142ugobiorca ma prawo cofn\u0105\u0107 rezerwacj\u0119 us\u0142ugi do momentu jej potwierdzenia przez Us\u0142ugodawc\u0119.<\/p>\n\n\n\n<p>W przypadku odst\u0105pienia od umowy lub cofni\u0119cia rezerwacji, zwrot p\u0142atno\u015bci zostanie dokonany niezw\u0142ocznie \u2013 nie p\u00f3\u017aniej ni\u017c w ci\u0105gu 14 dni \u2013 t\u0105 sam\u0105 metod\u0105, kt\u00f3r\u0105 dokonano p\u0142atno\u015bci (chyba \u017ce strony ustal\u0105 inaczej, bez dodatkowych koszt\u00f3w dla Us\u0142ugobiorcy).<\/p>\n\n\n\n<p>Prawo do odst\u0105pienia lub wypowiedzenia przys\u0142uguje tak\u017ce Us\u0142ugodawcy, je\u015bli Us\u0142ugobiorca ra\u017c\u0105co naruszy warunki umowy lub nie wsp\u00f3\u0142pracuje przy realizacji programu.<\/p>\n\n\n\n<h2 class=\"wp-block-heading\"><strong>\u00a77 Reklamacje<\/strong><\/h2>\n\n\n\n<p>Reklamacje nale\u017cy sk\u0142ada\u0107 na adres: hello@annafludra.com.<\/p>\n\n\n\n<p>Reklamacja powinna zawiera\u0107 imi\u0119 i nazwisko Us\u0142ugobiorcy, opis sytuacji i oczekiwane rozwi\u0105zanie.<\/p>\n\n\n\n<p>Us\u0142ugodawca ustosunkuje si\u0119 do reklamacji w ci\u0105gu 14 dni.<\/p>\n\n\n\n<p>Us\u0142uga ma charakter doradczy i subiektywny \u2013 ewentualne niezadowolenie z efektu stylizacji nie stanowi podstawy do reklamacji, je\u015bli us\u0142uga zosta\u0142a wykonana zgodnie z opisem i ustaleniami.<\/p>\n\n\n\n<h2 class=\"wp-block-heading\"><strong>\u00a78 Prawa autorskie<\/strong><\/h2>\n\n\n\n<p>Wszystkie materia\u0142y przekazywane w ramach programu (np. checklisty, prezentacje, zestawy stylizacji) obj\u0119te s\u0105 ochron\u0105 prawa autorskiego.<\/p>\n\n\n\n<p>Us\u0142ugobiorca zobowi\u0105zuje si\u0119 do ich wykorzystywania wy\u0142\u0105cznie na w\u0142asny u\u017cytek. Zabronione jest ich dalsze rozpowszechnianie, kopiowanie lub udost\u0119pnianie osobom trzecim.<\/p>\n\n\n\n<h2 class=\"wp-block-heading\"><strong>\u00a79 Postanowienia ko\u0144cowe<\/strong><\/h2>\n\n\n\n<p>W sprawach nieuregulowanych niniejszym Regulaminem maj\u0105 zastosowanie przepisy prawa polskiego, w szczeg\u00f3lno\u015bci Kodeksu cywilnego oraz ustawy o prawach konsumenta.<\/p>\n\n\n\n<p>Regulamin dost\u0119pny jest na stronie: https:\/\/annafludra.com\/lp\/metamorfozawizerunku\/<\/p>\n\n\n\n<p>Wszelkie spory b\u0119d\u0105 rozstrzygane przez s\u0105d w\u0142a\u015bciwy miejscowo wed\u0142ug przepis\u00f3w og\u00f3lnych.<\/p>\n","protected":false},"excerpt":{"rendered":"<p>REGULAMIN \u015aWIADCZENIA US\u0141UG \u2013 Signature Style Formula Ostatnia aktualizacja: 31.07.2025 \u00a71 Postanowienia og\u00f3lne Niniejszy Regulamin okre\u015bla zasady zawierania i realizacji um\u00f3w sprzeda\u017cy programu \u201eSignature Style Formula \u2013 Metamorfoza Wizerunku\u201d, dost\u0119pnego na stronie internetowej https:\/\/annafludra.com\/lp\/metamorfozawizerunku\/. Us\u0142ugodawc\u0105 jest Anna Fludra, prowadz\u0105ca dzia\u0142alno\u015b\u0107 gospodarcz\u0105 pod firm\u0105 Anna Fludra, NIP: 8411640567, REGON: 527235761 e-mail: hello@annafludra.com. Program stanowi us\u0142ug\u0119 indywidualn\u0105,&#8230;<\/p>\n","protected":false},"author":1,"featured_media":0,"parent":0,"menu_order":0,"comment_status":"closed","ping_status":"closed","template":"","meta":{"_kad_post_transparent":"","_kad_post_title":"","_kad_post_layout":"","_kad_post_sidebar_id":"","_kad_post_content_style":"","_kad_post_vertical_padding":"","_kad_post_feature":"","_kad_post_feature_position":"","_kad_post_header":false,"_kad_post_footer":false,"_kad_post_classname":"","_vp_format_video_url":"","_vp_image_focal_point":[],"footnotes":""},"class_list":["post-459","page","type-page","status-publish","hentry"],"yoast_head":"<!-- This site is optimized with the Yoast SEO plugin v27.5 - https:\/\/yoast.com\/product\/yoast-seo-wordpress\/ -->\n<title>Regulamin - Signature Style Formula - Anna Fludra<\/title>\n<meta name=\"robots\" content=\"index, follow, max-snippet:-1, max-image-preview:large, max-video-preview:-1\" \/>\n<link rel=\"canonical\" href=\"https:\/\/annafludra.com\/lp\/regulamin-signature-style-formula\/\" \/>\n<meta property=\"og:locale\" content=\"pl_PL\" \/>\n<meta property=\"og:type\" content=\"article\" \/>\n<meta property=\"og:title\" content=\"Regulamin - Signature Style Formula - Anna Fludra\" \/>\n<meta property=\"og:description\" content=\"REGULAMIN \u015aWIADCZENIA US\u0141UG \u2013 Signature Style Formula Ostatnia aktualizacja: 31.07.2025 \u00a71 Postanowienia og\u00f3lne Niniejszy Regulamin okre\u015bla zasady zawierania i realizacji um\u00f3w sprzeda\u017cy programu \u201eSignature Style Formula \u2013 Metamorfoza Wizerunku\u201d, dost\u0119pnego na stronie internetowej https:\/\/annafludra.com\/lp\/metamorfozawizerunku\/. Us\u0142ugodawc\u0105 jest Anna Fludra, prowadz\u0105ca dzia\u0142alno\u015b\u0107 gospodarcz\u0105 pod firm\u0105 Anna Fludra, NIP: 8411640567, REGON: 527235761 e-mail: hello@annafludra.com. Program stanowi us\u0142ug\u0119 indywidualn\u0105,...\" \/>\n<meta property=\"og:url\" content=\"https:\/\/annafludra.com\/lp\/regulamin-signature-style-formula\/\" \/>\n<meta property=\"og:site_name\" content=\"Anna Fludra\" \/>\n<meta property=\"article:modified_time\" content=\"2025-08-12T18:33:05+00:00\" \/>\n<meta name=\"twitter:card\" content=\"summary_large_image\" \/>\n<meta name=\"twitter:label1\" content=\"Szacowany czas czytania\" \/>\n\t<meta name=\"twitter:data1\" content=\"4 minuty\" \/>\n<script type=\"application\/ld+json\" class=\"yoast-schema-graph\">{\"@context\":\"https:\\\/\\\/schema.org\",\"@graph\":[{\"@type\":\"WebPage\",\"@id\":\"https:\\\/\\\/annafludra.com\\\/lp\\\/regulamin-signature-style-formula\\\/\",\"url\":\"https:\\\/\\\/annafludra.com\\\/lp\\\/regulamin-signature-style-formula\\\/\",\"name\":\"Regulamin - Signature Style Formula - Anna Fludra\",\"isPartOf\":{\"@id\":\"https:\\\/\\\/annafludra.com\\\/lp\\\/#website\"},\"datePublished\":\"2025-08-12T18:33:04+00:00\",\"dateModified\":\"2025-08-12T18:33:05+00:00\",\"breadcrumb\":{\"@id\":\"https:\\\/\\\/annafludra.com\\\/lp\\\/regulamin-signature-style-formula\\\/#breadcrumb\"},\"inLanguage\":\"pl-PL\",\"potentialAction\":[{\"@type\":\"ReadAction\",\"target\":[\"https:\\\/\\\/annafludra.com\\\/lp\\\/regulamin-signature-style-formula\\\/\"]}]},{\"@type\":\"BreadcrumbList\",\"@id\":\"https:\\\/\\\/annafludra.com\\\/lp\\\/regulamin-signature-style-formula\\\/#breadcrumb\",\"itemListElement\":[{\"@type\":\"ListItem\",\"position\":1,\"name\":\"Strona g\u0142\u00f3wna\",\"item\":\"https:\\\/\\\/annafludra.com\\\/lp\\\/\"},{\"@type\":\"ListItem\",\"position\":2,\"name\":\"Regulamin &#8211; Signature Style Formula\"}]},{\"@type\":\"WebSite\",\"@id\":\"https:\\\/\\\/annafludra.com\\\/lp\\\/#website\",\"url\":\"https:\\\/\\\/annafludra.com\\\/lp\\\/\",\"name\":\"Anna Fludra\",\"description\":\"\",\"potentialAction\":[{\"@type\":\"SearchAction\",\"target\":{\"@type\":\"EntryPoint\",\"urlTemplate\":\"https:\\\/\\\/annafludra.com\\\/lp\\\/?s={search_term_string}\"},\"query-input\":{\"@type\":\"PropertyValueSpecification\",\"valueRequired\":true,\"valueName\":\"search_term_string\"}}],\"inLanguage\":\"pl-PL\"}]}<\/script>\n<!-- \/ Yoast SEO plugin. -->","yoast_head_json":{"title":"Regulamin - Signature Style Formula - Anna Fludra","robots":{"index":"index","follow":"follow","max-snippet":"max-snippet:-1","max-image-preview":"max-image-preview:large","max-video-preview":"max-video-preview:-1"},"canonical":"https:\/\/annafludra.com\/lp\/regulamin-signature-style-formula\/","og_locale":"pl_PL","og_type":"article","og_title":"Regulamin - Signature Style Formula - Anna Fludra","og_description":"REGULAMIN \u015aWIADCZENIA US\u0141UG \u2013 Signature Style Formula Ostatnia aktualizacja: 31.07.2025 \u00a71 Postanowienia og\u00f3lne Niniejszy Regulamin okre\u015bla zasady zawierania i realizacji um\u00f3w sprzeda\u017cy programu \u201eSignature Style Formula \u2013 Metamorfoza Wizerunku\u201d, dost\u0119pnego na stronie internetowej https:\/\/annafludra.com\/lp\/metamorfozawizerunku\/. Us\u0142ugodawc\u0105 jest Anna Fludra, prowadz\u0105ca dzia\u0142alno\u015b\u0107 gospodarcz\u0105 pod firm\u0105 Anna Fludra, NIP: 8411640567, REGON: 527235761 e-mail: hello@annafludra.com. Program stanowi us\u0142ug\u0119 indywidualn\u0105,...","og_url":"https:\/\/annafludra.com\/lp\/regulamin-signature-style-formula\/","og_site_name":"Anna Fludra","article_modified_time":"2025-08-12T18:33:05+00:00","twitter_card":"summary_large_image","twitter_misc":{"Szacowany czas czytania":"4 minuty"},"schema":{"@context":"https:\/\/schema.org","@graph":[{"@type":"WebPage","@id":"https:\/\/annafludra.com\/lp\/regulamin-signature-style-formula\/","url":"https:\/\/annafludra.com\/lp\/regulamin-signature-style-formula\/","name":"Regulamin - Signature Style Formula - Anna Fludra","isPartOf":{"@id":"https:\/\/annafludra.com\/lp\/#website"},"datePublished":"2025-08-12T18:33:04+00:00","dateModified":"2025-08-12T18:33:05+00:00","breadcrumb":{"@id":"https:\/\/annafludra.com\/lp\/regulamin-signature-style-formula\/#breadcrumb"},"inLanguage":"pl-PL","potentialAction":[{"@type":"ReadAction","target":["https:\/\/annafludra.com\/lp\/regulamin-signature-style-formula\/"]}]},{"@type":"BreadcrumbList","@id":"https:\/\/annafludra.com\/lp\/regulamin-signature-style-formula\/#breadcrumb","itemListElement":[{"@type":"ListItem","position":1,"name":"Strona g\u0142\u00f3wna","item":"https:\/\/annafludra.com\/lp\/"},{"@type":"ListItem","position":2,"name":"Regulamin &#8211; Signature Style Formula"}]},{"@type":"WebSite","@id":"https:\/\/annafludra.com\/lp\/#website","url":"https:\/\/annafludra.com\/lp\/","name":"Anna Fludra","description":"","potentialAction":[{"@type":"SearchAction","target":{"@type":"EntryPoint","urlTemplate":"https:\/\/annafludra.com\/lp\/?s={search_term_string}"},"query-input":{"@type":"PropertyValueSpecification","valueRequired":true,"valueName":"search_term_string"}}],"inLanguage":"pl-PL"}]}},"_links":{"self":[{"href":"https:\/\/annafludra.com\/lp\/wp-json\/wp\/v2\/pages\/459","targetHints":{"allow":["GET"]}}],"collection":[{"href":"https:\/\/annafludra.com\/lp\/wp-json\/wp\/v2\/pages"}],"about":[{"href":"https:\/\/annafludra.com\/lp\/wp-json\/wp\/v2\/types\/page"}],"author":[{"embeddable":true,"href":"https:\/\/annafludra.com\/lp\/wp-json\/wp\/v2\/users\/1"}],"replies":[{"embeddable":true,"href":"https:\/\/annafludra.com\/lp\/wp-json\/wp\/v2\/comments?post=459"}],"version-history":[{"count":1,"href":"https:\/\/annafludra.com\/lp\/wp-json\/wp\/v2\/pages\/459\/revisions"}],"predecessor-version":[{"id":460,"href":"https:\/\/annafludra.com\/lp\/wp-json\/wp\/v2\/pages\/459\/revisions\/460"}],"wp:attachment":[{"href":"https:\/\/annafludra.com\/lp\/wp-json\/wp\/v2\/media?parent=459"}],"curies":[{"name":"wp","href":"https:\/\/api.w.org\/{rel}","templated":true}]}}